{"id":67,"date":"2023-08-17T20:36:30","date_gmt":"2023-08-17T18:36:30","guid":{"rendered":"http:\/\/www.hainautcristaljumpingclub.be\/?page_id=67"},"modified":"2023-08-18T00:02:05","modified_gmt":"2023-08-17T22:02:05","slug":"locations-de-boxes","status":"publish","type":"page","link":"http:\/\/www.hainautcristaljumpingclub.be\/","title":{"rendered":"BIENVENUE SUR LE SITE DU MANEGE HAINAUT CRISTAL JUMPING CLUB | RAPHAEL GARDI"},"content":{"rendered":"\n<p>Depuis son plus jeune \u00e2ge, <strong>Rapha\u00ebl Gardi<\/strong> est passionn\u00e9 de chevaux et <mark style=\"background-color:rgba(0, 0, 0, 0);color:#8c028f\" class=\"has-inline-color\">enseigne avec exp\u00e9rience et patience son savoir sur l&#8217;\u00e9quitation.<\/mark><\/p>\n","protected":false},"excerpt":{"rendered":"<p>Depuis son plus jeune \u00e2ge, Rapha\u00ebl Gardi est passionn\u00e9 de chevaux et enseigne avec exp\u00e9rience et patience son savoir sur l&#8217;\u00e9quitation.<\/p>\n","protected":false},"author":1,"featured_media":74,"parent":0,"menu_order":0,"comment_status":"closed","ping_status":"closed","template":"","meta":{"footnotes":""},"class_list":["post-67","page","type-page","status-publish","has-post-thumbnail","hentry"],"_links":{"self":[{"href":"http:\/\/www.hainautcristaljumpingclub.be\/index.php?rest_route=\/wp\/v2\/pages\/67","targetHints":{"allow":["GET"]}}],"collection":[{"href":"http:\/\/www.hainautcristaljumpingclub.be\/index.php?rest_route=\/wp\/v2\/pages"}],"about":[{"href":"http:\/\/www.hainautcristaljumpingclub.be\/index.php?rest_route=\/wp\/v2\/types\/page"}],"author":[{"embeddable":true,"href":"http:\/\/www.hainautcristaljumpingclub.be\/index.php?rest_route=\/wp\/v2\/users\/1"}],"replies":[{"embeddable":true,"href":"http:\/\/www.hainautcristaljumpingclub.be\/index.php?rest_route=%2Fwp%2Fv2%2Fcomments&post=67"}],"version-history":[{"count":6,"href":"http:\/\/www.hainautcristaljumpingclub.be\/index.php?rest_route=\/wp\/v2\/pages\/67\/revisions"}],"predecessor-version":[{"id":143,"href":"http:\/\/www.hainautcristaljumpingclub.be\/index.php?rest_route=\/wp\/v2\/pages\/67\/revisions\/143"}],"wp:featuredmedia":[{"embeddable":true,"href":"http:\/\/www.hainautcristaljumpingclub.be\/index.php?rest_route=\/wp\/v2\/media\/74"}],"wp:attachment":[{"href":"http:\/\/www.hainautcristaljumpingclub.be\/index.php?rest_route=%2Fwp%2Fv2%2Fmedia&parent=67"}],"curies":[{"name":"wp","href":"https:\/\/api.w.org\/{rel}","templated":true}]}}